{"id":387763,"date":"2023-09-18T19:58:37","date_gmt":"2023-09-18T19:58:37","guid":{"rendered":"https:\/\/helmholtz-magnet.com\/?page_id=387763"},"modified":"2025-07-23T19:28:10","modified_gmt":"2025-07-23T19:28:10","slug":"cookie-policy","status":"publish","type":"page","link":"https:\/\/magbo.eu\/de\/cookie-policy\/","title":{"rendered":"Cookie-Richtlinie"},"content":{"rendered":"<p>[et_pb_section fb_built=\u201d1\u2033 _builder_version=\u201d4.22.1\u2033 _module_preset=\u201ddefault\u201d custom_padding=\u201d54px|||||\u201d global_colors_info=\u201d{}\u201d][et_pb_row _builder_version=\u201d4.22.1\u2033 _module_preset=\u201ddefault\u201d global_colors_info=\u201d{}\u201d][et_pb_column type=\u201d4_4\u2033 _builder_version=\u201d4.22.1\u2033 _module_preset=\u201ddefault\u201d global_colors_info=\u201d{}\u201d][et_pb_text _builder_version=\u201d4.27.4\u2033 _module_preset=\u201ddefault\u201d hover_enabled=\u201d0\u2033 global_colors_info=\u201d{}\u201d sticky_enabled=\u201d0\u2033]<\/p>\n<h1 class=\"cookie-policy-h1\">COOKIE-RICHTLINIE<\/h1>\n<p>G\u00fcltig ab: 23. Juli 2025<br \/>Letzte Aktualisierung: 23. Juli 2025<\/p>\n<p><span>\u00a0<\/span><\/p>\n<h5>WAS SIND COOKIES?<\/h5>\n<div class=\"cookie-policy-p\">\n<p>In dieser Cookie-Richtlinie wird erl\u00e4utert, was Cookies sind und wie wir sie verwenden, welche Arten von Cookies wir verwenden, welche Informationen wir mithilfe von Cookies sammeln und wie diese Informationen verwendet werden und wie die Cookie-Einstellungen verwaltet werden.<\/p>\n<p>Cookies sind kleine Textdateien, in denen kleine Informationen gespeichert werden. Sie werden auf Ihrem Ger\u00e4t gespeichert, wenn die Website in Ihren Browser geladen wird. Diese Cookies helfen uns dabei, die Website ordnungsgem\u00e4\u00df funktionieren zu lassen, sie sicherer zu machen, ein besseres Benutzererlebnis zu bieten und die Leistung der Website zu verstehen sowie zu analysieren, was funktioniert und wo Verbesserungen erforderlich sind.<\/p>\n<\/div>\n<p><span>\u00a0<\/span><\/p>\n<h5>WIE VERWENDEN WIR COOKIES?<\/h5>\n<div class=\"cookie-policy-p\">\n<p>Wie die meisten Onlinedienste verwendet unsere Website Erstanbieter- und Drittanbieter-Cookies f\u00fcr verschiedene Zwecke. Erstanbieter-Cookies sind meist erforderlich, damit die Website ordnungsgem\u00e4\u00df funktioniert, und erfassen keine personenbezogenen Daten von Ihnen.<\/p>\n<p>Die auf unserer Website verwendeten Cookies von Drittanbietern dienen in erster Linie dazu, die Leistung der Website zu verstehen, wie Sie mit unserer Website interagieren, die Sicherheit unserer Dienste zu gew\u00e4hrleisten, f\u00fcr Sie relevante Werbung bereitzustellen und Ihnen insgesamt ein besseres und verbessertes Benutzererlebnis zu bieten und Ihre zuk\u00fcnftigen Interaktionen mit unserer Website zu beschleunigen.<\/p>\n<\/div>\n<p><span>\u00a0<\/span><\/p>\n<h5>Arten von Cookies, die wir verwenden<\/h5>\n<div class=\"cky-audit-table-element\">\n<h3>NOTWENDIG<\/h3>\n<div class=\"cky-table-wrapper\">\n<table class=\"cky-cookie-audit-table\">\n<thead>\n<tr>\n<th>Pl\u00e4tzchen<\/th>\n<th>Dauer<\/th>\n<th>Beschreibung<\/th>\n<\/tr>\n<\/thead>\n<tbody>\n<tr>\n<td>CookieJa-Zustimmung<\/td>\n<td>1 Jahr<\/td>\n<td>CookieYes setzt dieses Cookie, um die Einwilligungseinstellungen der Benutzer zu speichern, sodass ihre Einstellungen bei sp\u00e4teren Besuchen dieser Website ber\u00fccksichtigt werden. Es werden keine pers\u00f6nlichen Daten der Website-Besucher gesammelt oder gespeichert.<\/td>\n<\/tr>\n<\/tbody>\n<\/table>\n<\/div>\n<h3>FUNKTIONAL<\/h3>\n<div class=\"cky-table-wrapper\">\n<table class=\"cky-cookie-audit-table\">\n<thead>\n<tr>\n<th>Pl\u00e4tzchen<\/th>\n<th>Dauer<\/th>\n<th>Beschreibung<\/th>\n<\/tr>\n<\/thead>\n<tbody>\n<tr>\n<td>wp-wpml_aktuelle_sprache<\/td>\n<td>Sitzung<\/td>\n<td>Das mehrsprachige WordPress-Plugin setzt dieses Cookie, um die aktuelle Sprache\/Spracheinstellungen zu speichern.<\/td>\n<\/tr>\n<\/tbody>\n<\/table>\n<\/div>\n<h3>ANALYTIK<\/h3>\n<div class=\"cky-table-wrapper\">\n<table class=\"cky-cookie-audit-table\">\n<thead>\n<tr>\n<th>Pl\u00e4tzchen<\/th>\n<th>Dauer<\/th>\n<th>Beschreibung<\/th>\n<\/tr>\n<\/thead>\n<tbody>\n<tr>\n<td>_ga_*<\/td>\n<td>1 Jahr 1 Monat 4 Tage<\/td>\n<td>Google Analytics setzt dieses Cookie zum Speichern und Z\u00e4hlen von Seitenaufrufen.<\/td>\n<\/tr>\n<tr>\n<td>_ga<\/td>\n<td>1 Jahr 1 Monat 4 Tage<\/td>\n<td>Google Analytics setzt dieses Cookie, um Besucher-, Sitzungs- und Kampagnendaten zu berechnen und die Site-Nutzung f\u00fcr den Analysebericht der Site zu verfolgen. Das Cookie speichert Informationen anonym und weist eine zuf\u00e4llig generierte Nummer zu, um eindeutige Besucher zu erkennen.<\/td>\n<\/tr>\n<\/tbody>\n<\/table>\n<\/div>\n<\/div>\n<p><span>\u00a0<\/span><\/p>\n<h5>COOKIE-EINSTELLUNGEN VERWALTEN<\/h5>\n<p><a class=\"cky-banner-element\">Cookie-Einstellungen<\/a><span><\/span><\/p>\n<div>\n<p>Sie k\u00f6nnen Ihre Cookie-Einstellungen jederzeit \u00e4ndern, indem Sie auf die Schaltfl\u00e4che oben klicken. Dadurch k\u00f6nnen Sie das Cookie-Einwilligungsbanner erneut aufrufen und Ihre Einstellungen \u00e4ndern oder Ihre Einwilligung sofort widerrufen.<\/p>\n<p>Dar\u00fcber hinaus bieten verschiedene Browser unterschiedliche Methoden zum Blockieren und L\u00f6schen von Cookies, die von Websites verwendet werden. Sie k\u00f6nnen die Einstellungen Ihres Browsers \u00e4ndern, um Cookies zu blockieren\/l\u00f6schen. Nachfolgend finden Sie Links zu den Supportdokumenten zum Verwalten und L\u00f6schen von Cookies in den wichtigsten Webbrowsern.<\/p>\n<p>Chrom:<span>\u00a0<\/span><a href=\"https:\/\/support.google.com\/accounts\/answer\/32050\" target=\"_blank\" rel=\"noopener\">https:\/\/support.google.com\/accounts\/answer\/32050<\/a><\/p>\n<p>Safari:<span>\u00a0<\/span><a href=\"https:\/\/support.apple.com\/en-in\/guide\/safari\/sfri11471\/mac\" target=\"_blank\" rel=\"noopener\">https:\/\/support.apple.com\/en-in\/guide\/safari\/sfri11471\/mac<\/a><\/p>\n<p>Feuerfuchs:<span>\u00a0<\/span><a href=\"https:\/\/support.mozilla.org\/en-US\/kb\/clear-cookies-and-site-data-firefox?redirectslug=delete-cookies-remove-info-websites-stored&amp;redirectlocale=en-US\" target=\"_blank\" rel=\"noopener\">https:\/\/support.mozilla.org\/en-US\/kb\/clear-cookies-and-site-data-firefox?redirectslug=delete-cookies-remove-info-websites-stored&amp;redirectlocale=en-US<\/a><\/p>\n<p>Internet Explorer:<span>\u00a0<\/span><a href=\"https:\/\/support.microsoft.com\/en-us\/topic\/how-to-delete-cookie-files-in-internet-explorer-bca9446f-d873-78de-77ba-d42645fa52fc\" target=\"_blank\" rel=\"noopener\">https:\/\/support.microsoft.com\/en-us\/topic\/how-to-delete-cookie-files-in-internet-explorer-bca9446f-d873-78de-77ba-d42645fa52fc<\/a><\/p>\n<p>Wenn Sie einen anderen Webbrowser verwenden, besuchen Sie bitte die offiziellen Supportdokumente Ihres Browsers.<\/p>\n<\/div>\n<p><span>\u00a0<\/span><\/p>\n<p class=\"cookie-policy-p\">Cookie-Richtlinie Erstellt von<span>\u00a0<\/span><a target=\"_blank\" href=\"https:\/\/www.cookieyes.com\/?utm_source=CP&amp;utm_medium=footer&amp;utm_campaign=UW\" rel=\"noopener\">CookieYes \u2013 Generator f\u00fcr Cookie-Richtlinien<\/a>.<\/p>\n<p>[\/et_pb_text][\/et_pb_column][\/et_pb_row][\/et_pb_section]<\/p>","protected":false},"excerpt":{"rendered":"<p>COOKIE-RICHTLINIE G\u00fcltig ab: 23. Juli 2025Letzte Aktualisierung: 23. Juli 2025 WAS SIND COOKIES? Diese Cookie-Richtlinie erkl\u00e4rt, was Cookies sind und wie wir sie verwenden, welche Arten von Cookies wir verwenden, welche Informationen wir mithilfe von Cookies sammeln und wie diese Informationen verwendet werden und wie die Cookie-Einstellungen verwaltet werden. Cookies sind kleine Textdateien, die [\u2026]<\/p>","protected":false},"author":1,"featured_media":0,"parent":0,"menu_order":0,"comment_status":"closed","ping_status":"closed","template":"","meta":{"_et_pb_use_builder":"on","_et_pb_old_content":"","_et_gb_content_width":"","_mi_skip_tracking":false,"_monsterinsights_sitenote_active":false,"_monsterinsights_sitenote_note":"","_monsterinsights_sitenote_category":0,"footnotes":""},"class_list":["post-387763","page","type-page","status-publish","hentry"],"_links":{"self":[{"href":"https:\/\/magbo.eu\/de\/wp-json\/wp\/v2\/pages\/387763","targetHints":{"allow":["GET"]}}],"collection":[{"href":"https:\/\/magbo.eu\/de\/wp-json\/wp\/v2\/pages"}],"about":[{"href":"https:\/\/magbo.eu\/de\/wp-json\/wp\/v2\/types\/page"}],"author":[{"embeddable":true,"href":"https:\/\/magbo.eu\/de\/wp-json\/wp\/v2\/users\/1"}],"replies":[{"embeddable":true,"href":"https:\/\/magbo.eu\/de\/wp-json\/wp\/v2\/comments?post=387763"}],"version-history":[{"count":1,"href":"https:\/\/magbo.eu\/de\/wp-json\/wp\/v2\/pages\/387763\/revisions"}],"predecessor-version":[{"id":389831,"href":"https:\/\/magbo.eu\/de\/wp-json\/wp\/v2\/pages\/387763\/revisions\/389831"}],"wp:attachment":[{"href":"https:\/\/magbo.eu\/de\/wp-json\/wp\/v2\/media?parent=387763"}],"curies":[{"name":"wp","href":"https:\/\/api.w.org\/{rel}","templated":true}]}}