{"id":387776,"date":"2023-09-18T20:10:03","date_gmt":"2023-09-18T20:10:03","guid":{"rendered":"https:\/\/helmholtz-magnet.com\/?page_id=387776"},"modified":"2023-10-18T14:28:54","modified_gmt":"2023-10-18T14:28:54","slug":"terms-conditions","status":"publish","type":"page","link":"https:\/\/magbo.eu\/de\/terms-conditions\/","title":{"rendered":"Allgemeine Gesch\u00e4ftsbedingungen"},"content":{"rendered":"<p>[et_pb_section fb_built=\u201d1\u2033 _builder_version=\u201d4.22.1\u2033 _module_preset=\u201ddefault\u201d global_colors_info=\u201d{}\u201d][et_pb_row _builder_version=\u201d4.22.1\u2033 _module_preset=\u201ddefault\u201d global_colors_info=\u201d{}\u201d][et_pb_column type=\u201d4_4\u2033 _builder_version=\u201d4.22.1\u2033 _module_preset=\u201ddefault\u201d global_colors_info=\u201d{}\u201d][et_pb_text _builder_version=\u201d4.22.2\u2033 _module_preset=\u201ddefault\u201d text_font_size=\u201d18px\u201d header_font_size=\u201d33px\u201d text_orientation=\u201dcenter\u201d global_colors_info=\u201d{}\u201d]<\/p>\n<h1 class=\"fl-post-title\" itemprop=\"headline\">Allgemeine Verkaufsbedingungen der SOPH GmbH, Hamburg<\/h1>\n<p class=\"privacy-policy-p\">\n<p>[\/et_pb_text][\/et_pb_column][\/et_pb_row][et_pb_row column_structure=\u201d1_2,1_2\u2033 _builder_version=\u201d4.22.2\u2033 _module_preset=\u201ddefault\u201d global_colors_info=\u201d{}\u201d][et_pb_column type=\u201d1_2\u2033 _builder_version=\u201d4.22.2\u2033 _module_preset=\u201ddefault\u201d global_colors_info=\u201d{}\u201d][et_pb_text _builder_version=\u201d4.22.2\u2033 _module_preset=\u201ddefault\u201d global_colors_info=\u201d{}\u201d]<\/p>\n<p style=\"text-align: justify;\"><strong>\u00a01. Geltungsbereich<\/strong><\/p>\n<ol style=\"text-align: justify;\">\n<li><span>Diese Verkaufsbedingungen gelten ausschlie\u00dflich gegen\u00fcber Unternehmern, juristischen Personen des \u00f6ffentlichen Rechts oder \u00f6ffentlich-rechtlichen Sonderverm\u00f6gen im Sinne von \u00a7 310 Absatz 1 BGB. Entgegenstehende oder von unseren Verkaufsbedingungen abweichende Bedingungen des Bestellers erkennen wir nur an, wenn wir deren Geltung ausdr\u00fccklich schriftlich best\u00e4tigen <\/span><\/li>\n<li><span>Diese Verkaufsbedingungen gelten auch f\u00fcr alle zuk\u00fcnftigen Gesch\u00e4fte mit dem Besteller, soweit es sich um Rechtsgesch\u00e4fte verwandter Art handelt.<\/span><\/li>\n<\/ol>\n<p style=\"text-align: justify;\"><strong>2. Angebot und Vertragsabschluss<\/strong><\/p>\n<p style=\"text-align: justify;\"><span>Sofern eine Bestellung als Angebot gem\u00e4\u00df \u00a7 145 BGB anzusehen ist, k\u00f6nnen wir diese innerhalb von zwei Wochen annehmen.<\/span><\/p>\n<p style=\"text-align: justify;\"><strong>3. \u00dcberlassene Unterlagen<\/strong><\/p>\n<p style=\"text-align: justify;\"><span>An alle im Zusammenhang mit der Auftragserteilung dem Besteller \u00fcberlassenen Unterlagen, wie z. B. Kalkulationen, Zeichnungen etc., behalten wir uns Eigentums- und Urheberrechte vor. Diese Unterlagen d\u00fcrfen Dritten nicht zug\u00e4nglich gemacht werden, es sei denn, wir erteilen dazu dem Besteller unsere ausdr\u00fcckliche schriftliche Zustimmung. Soweit wir das Angebot des Bestellers nicht innerhalb der Frist von \u00a7 2 annehmen, sind diese Unterlagen uns unverz\u00fcglich zur\u00fcckzusenden.<\/span><\/p>\n<p style=\"text-align: justify;\"><strong>4. Preise und Zahlung<\/strong><\/p>\n<ol style=\"text-align: justify;\">\n<li style=\"list-style-type: none;\">\n<ol>\n<li><span>Sofern nichts Gegenteiliges schriftlich vereinbart wird, gelten unsere Preise ab Werk ausschlie\u00dflich Verpackung und zuz\u00fcglich Mehrwertsteuer in jeweils g\u00fcltiger H\u00f6he. Die Kosten der Verpackung werden in der Rechnung gesondert ausgewiesen <\/span><\/li>\n<li><span>Die Zahlung des Kaufpreises erfolgt ausschlie\u00dflich auf das in der Rechnung genannte Konto. Der Abzug von Skonto ist nur bei schriftlicher besonderer Vereinbarung zul\u00e4ssig.<\/span><\/li>\n<li><span>Sofern nichts anderes vereinbart wird, ist der Kaufpreis sofort nach Lieferung zu zahlenden Verzugszinsen in H\u00f6he von 9 % \u00fcber dem jeweiligen Basiszinssatz pa und einer Kostenpauschale von 40,00 \u20ac <em>(siehe Anhang 1) <\/em> Die Geltendmachung eines h\u00f6heren Verzugsschadens bleibt vorbehalten.<\/span><\/li>\n<li><span>Sofern keine Festpreisabrede getroffen wurde, bleiben angemessene Preis\u00e4nderungen aufgrund ver\u00e4nderter Lohn-, Material- und Vertriebskosten f\u00fcr Lieferungen, die 3 Monate oder sp\u00e4ter nach Vertragsabschluss erfolgen, vorbehalten<\/span><\/li>\n<\/ol>\n<\/li>\n<\/ol>\n<p style=\"text-align: justify;\"><strong>5. Aufrechnung, Zur\u00fcckbehaltung<\/strong><\/p>\n<ol style=\"text-align: justify;\">\n<li style=\"list-style-type: none;\">\n<ol>\n<li><span>Der Besteller ist zur Aufrechnung nur berechtigt, soweit seine Gegenanspr\u00fcche unbestritten oder rechtskr\u00e4ftig festgestellt sind.<\/span><\/li>\n<li><span>Zur Aus\u00fcbung eines Zur\u00fcckbehaltungsrechts ist der Besteller nur insoweit befugt, als sein Gegenanspruch unbestritten oder rechtskr\u00e4ftig festgestellt ist und auf dem gleichen Vertragsverh\u00e4ltnis beruht <\/span><\/li>\n<\/ol>\n<\/li>\n<\/ol>\n<p style=\"text-align: justify;\"><strong>6. Lieferzeit<\/strong><\/p>\n<ol style=\"text-align: justify;\">\n<li style=\"list-style-type: none;\">\n<ol>\n<li><span>Der Beginn der von uns angegebenen Lieferzeit setzt die rechtzeitige und ordnungsgem\u00e4\u00dfe Erf\u00fcllung der Verpflichtungen des Bestellers voraus. Die Einrede des nicht erf\u00fcllten Vertrages bleibt bestehen <\/span><\/li>\n<li><span>Kommt der Besteller in Annahmeverzug oder verletzt er schuldhaft sonstige Mitwirkungspflichten, so sind wir berechtigt, den uns insoweit entstehenden Schaden, einschlie\u00dflich etwaiger Mehraufwendungen ersetzt zu Weitergehende Anspr\u00fcche bleiben vorbehalten. Sofern herausragende Voraussetzungen vorliegen, geht die Gefahr eines zuf\u00e4lligen Untergangs oder einer zuf\u00e4lligen Pr\u00fcfung der Kaufsache in dem Zeitpunkt auf den Besteller \u00fcber, in dem dieser in Annahme- oder Schuldnerzug geraten ist.<\/span><\/li>\n<\/ol>\n<\/li>\n<\/ol>\n<p style=\"text-align: justify;\"><strong>7. Gefahr\u00fcbergang bei Versendung<\/strong><\/p>\n<p style=\"text-align: justify;\"><span>Wird die Ware auf Wunsch des Bestellers an diesen versandt, so geht mit der Absendung an den Besteller sp\u00e4testens mit Verlassen des Werks\/Lagers die Gefahr des zuf\u00e4lligen Untergangs oder der zuf\u00e4lligen St\u00f6rung der Ware auf den Besteller \u00fcber. Dies gilt unabh\u00e4ngig davon, ob die Versendung der Ware vom Erf\u00fcllungsort erfolgt oder die Frachtkosten tr\u00e4gt.<\/span><\/p>\n<p style=\"text-align: justify;\"><strong>8. Eigentumsvorbehalt<\/strong><\/p>\n<ol>\n<li style=\"list-style-type: none;\">\n<ol>\n<li style=\"text-align: justify;\"><span>Wir behalten uns das Eigentum an der gelieferten Sache bis zur vollst\u00e4ndigen Zahlung s\u00e4mtlicher Forderungen aus dem Liefervertrag vor. Dies gilt auch f\u00fcr alle k\u00fcnftigen Lieferungen, auch wenn wir uns nicht stets ausdr\u00fccklich hierauf berufen haben. Wir sind berechtigt, die Kaufsache zur\u00fcckzunehmen, wenn der Besteller sich vertragswidrig verh\u00e4lt.<\/span><\/li>\n<li style=\"text-align: justify;\"><span>Der Besteller ist verpflichtet, solange das Eigentum noch nicht auf ihn \u00fcbergegangen ist, die Kaufsache pfleglich zu sein. Insbesondere ist er verpflichtet, diese auf eigene Kosten gegen Diebstahl-, Feuer- und Wassersch\u00e4den ausreichend zum Neuwert zu gew\u00e4hrleisten. Es m\u00fcssen Wartungs- und Inspektionsarbeiten durchgef\u00fchrt werden, die der Besteller auf eigene Kosten rechtzeitig ausf\u00fchren muss. Solange das Eigentum noch nicht \u00fcbergegangen ist, hat uns der Besteller unverz\u00fcglich schriftlich zu benachrichtigen, wenn der gelieferte Gegenstand gepf\u00e4ndet oder sonstigen Eingriffen Dritter ausgesetzt ist. Soweit der Dritte nicht in der Lage ist, uns die gerichtlichen und au\u00dfergerichtlichen Kosten einer Klage gem\u00e4\u00df \u00a7 771 ZPO zu ersetzen, haftet der Besteller f\u00fcr den uns entstandenen Ausfall.<\/span><\/li>\n<li style=\"text-align: justify;\">Der Besteller ist zur Weiterver\u00e4u\u00dferung der Vorbehaltsware im normalen Gesch\u00e4ftsverkehr berechtigt. Die Forderungen gegen\u00fcber dem Abnehmer aus der Weiterver\u00e4u\u00dferung der Vorbehaltsware treten der Besteller bereits jetzt an uns in H\u00f6he des mit uns vereinbarten Faktura-Endbetrages (einschlie\u00dflich Mehrwertsteuer) ab. Diese Abtretung gilt unabh\u00e4ngig davon, ob die Kaufsache ohne oder nach Verarbeitung weiterverkauft worden ist. Der Besteller bleibt zur Einziehung der Forderung auch nach der Abtretung erm\u00e4chtigt. Unsere Befugnisse, die Forderung selbst einzuziehen, bleiben davon unber\u00fchrt. Wir werden jedoch die Forderung nicht einziehen, solange der Besteller seinen Zahlungsverpflichtungen aus den vereinnahmten Erl\u00f6sen nachkommt, nicht im Zahlungsverzug ist und insbesondere kein Antrag auf Er\u00f6ffnung eines Insolvenzverfahrens gestellt ist oder Zahlungseinstellung vorliegt.<\/li>\n<\/ol>\n<\/li>\n<\/ol>\n<p>[\/et_pb_text][\/et_pb_column][et_pb_column type=\u201d1_2\u2033 _builder_version=\u201d4.22.2\u2033 _module_preset=\u201ddefault\u201d global_colors_info=\u201d{}\u201d][et_pb_text _builder_version=\u201d4.22.2\u2033 _module_preset=\u201ddefault\u201d text_orientation=\u201djustified\u201d custom_margin=\u201d||-18px||false|false\u201d custom_padding=\u201d|||33px||\u201d global_colors_info=\u201d{}\u201d]<\/p>\n<p><span>4. Die Be- und Verarbeitung oder Umbildung der Kaufsache durch den Besteller erfolgt stets Namen und im Auftrag f\u00fcr In diesem Fall setzt sich das Anwartschaftsrecht des Bestellers an der Kaufsache an der umgebildeten Sache fort. Sofern die Kaufsache mit anderen, uns nicht geh\u00f6renden Gegenst\u00e4nden verarbeitet wird, erwerben wir das Miteigentum an der neuen Sache im Verh\u00e4ltnis des objektiven Wertes unserer Kaufsache zu den anderen bearbeiteten Gegenst\u00e4nden zur Zeit der Verarbeitung. Dasselbe gilt f\u00fcr den Fall der Vermischung. Sofern die Vermischung in der Weise erfolgt, dass die Sache des Bestellers als Hauptsache betrachtet wird, gilt als vereinbart, dass der Besteller uns anteilm\u00e4\u00dfig Miteigentum \u00fcbertr\u00e4gt und das so entstandene Alleineigentum oder Miteigentum f\u00fcr uns verwahrt. Zur Sicherung unserer Forderungen gegen den Besteller tritt der Besteller auch solche Forderungen an uns ab, die ihm durch die Verbindung der Vorbehaltsware mit einem Grundst\u00fcck gegen einen Dritten erwachsen; Wir nehmen diese Abtretung schon jetzt an.<\/span><\/p>\n<p><span>5. Wir best\u00e4tigen uns, die uns zustehenden Sicherheiten auf Verlangen des Bestellers freizugeben, soweit ihr Wert die zu sichernden Forderungen um mehr als 20 % \u00fcbersteigt.<\/span><\/p>\n<p>&nbsp;<\/p>\n<p>[\/et_pb_text][et_pb_text _builder_version=\u201d4.22.2\u2033 _module_preset=\u201ddefault\u201d text_orientation=\u201djustified\u201d global_colors_info=\u201d{}\u201d]<\/p>\n<p><strong>9. Gew\u00e4hrleistung und M\u00e4ngelr\u00fcge sowie R\u00fcckgriff\/Herstellerregress<\/strong><\/p>\n<ol>\n<li style=\"list-style-type: none;\">\n<ol>\n<li><span>Gew\u00e4hrleistungsrechte des Bestellers setzen voraus, dass dieser seinen nach 377 HGB geschuldeten Untersuchungs- und R\u00fcgeobliegenheiten ordnungsgem\u00e4\u00df nachgekommen ist.<\/span><span><\/span><\/li>\n<li><span>Sollte trotz aller aufgewendeter Sorgfalt die gelieferte Ware einen Mangel aufweisen, der bereits zum Zeitpunkt des Gefahr\u00fcbergangs vorlag, so werden wir die Ware, vorbehaltlich fristgerechter M\u00e4ngelr\u00fcge nach unserer Wahl nachbessern oder Ersatzware Es ist uns stets Gelegenheit zur Nacherf\u00fcllung innerhalb angemessener Frist zu geben. R\u00fcckgriffsanspr\u00fcche bleiben von vorstehender Regelung ohne Einschr\u00e4nkung unber\u00fchrt.<\/span><\/li>\n<li><span>Schl\u00e4gt die Nacherf\u00fcllung fehl, kann der Besteller \u2013 unbeschadet etwaiger Schadensersatzanspr\u00fcche \u2013 vom Vertrag zur\u00fccktreten oder die Verg\u00fctung <\/span><\/li>\n<li><span>M\u00e4ngelanspr\u00fcche bestehen nicht bei nur unerheblicher Abweichung von der vereinbarten Beschaffenheit, bei nur unerheblicher Beeintr\u00e4chtigung der Brauchbarkeit, bei nat\u00fcrlicher Abnutzung oder Verschlei\u00df wie bei Sch\u00e4den, die nach dem Gefahr\u00fcbergang infolge fehlerhafter oder nachl\u00e4ssiger Behandlung, \u00fcberm\u00e4\u00dfiger Beanspruchung, ungeeigneter Betriebsmittel, mangelhafter Bauarbeiten, ungeeigneten Baugrundes oder Aufgrund besonderer \u00e4u\u00dferer Einfl\u00fcsse entstehen, die nach dem Vertrag nicht vorausgesetzt sind. Werden vom Besteller oder Dritten unsachgem\u00e4\u00df Instandsetzungsarbeiten oder \u00c4nderungen vorgenommen, so bestehen f\u00fcr diese und die daraus resultierenden Folgen ebenfalls keine M\u00e4ngelanspr\u00fcche.<\/span><\/li>\n<li><span>Anspr\u00fcche des Bestellers wegen der zum Zweck der Nacherf\u00fcllung erforderlichen Aufwendungen, insbesondere Transport-, Wege-, Arbeits- und Materialkosten, sind ausgeschlossen, soweit die Aufwendungen sich erh\u00f6hen, weil die von uns gelieferte Ware nachtr\u00e4glich an einen anderen Ort als die Niederlassung des Bestellers verbracht hat sei, es sei denn, die Verbringung entspricht ihrer bestimmungsgem\u00e4\u00dfen <\/span><\/li>\n<li><span>R\u00fcckgriffsanspr\u00fcche des Bestellers gegen uns bestehen nur insoweit, als der Besteller mit seinem Abnehmer keine \u00fcber die gesetzlich zwingenden M\u00e4ngelanspr\u00fcche hinausgehenden Vereinbarungen getroffen hat. F\u00fcr den Umfang des R\u00fcckgriffsanspruches des Bestellers gegen den Lieferer gilt ferner Absatz<\/span><span>5<\/span><span> entsprechend.<\/span><\/li>\n<li><span>Etwaige Schadens- und Aufwendungsersatzanspr\u00fcche wegen mangelhafter Leistungen k\u00f6nnen nur im Rahmen von <\/span><span> 10<\/span><span> Diese Allgemeinen Verkaufsbedingungen werden geltend gemacht.<\/span><\/li>\n<\/ol>\n<\/li>\n<\/ol>\n<p><strong>10. Schadens- und Aufwendungsersatz<\/strong><\/p>\n<ol>\n<li style=\"list-style-type: none;\">\n<ol>\n<li><span>Schadens- und Aufwendungsersatzanspr\u00fcche des Bestellers, gleich aus welchem Rechtsgrund, sind ausgeschlossen.<\/span><\/li>\n<li><span>Der Haftungsausschluss nach dem vorstehenden Absatz\u00a0<\/span><span>1<\/span><span> gilt nicht a) bei einer Haftung nach dem Produkthaftungsgesetz, b) in F\u00e4llen des Vorsatzes oder der groben Fahrl\u00e4ssigkeit, c) bei schuldhafter Verletzung des Lebens, des K\u00f6rpers oder der Gesundheit oder d) bei schuldhafter Verletzung wesentlicher Vertragspflichten, auch solcher Pflichten, deren Erf\u00fcllung Die ordnungsgem\u00e4\u00dfe Durchf\u00fchrung des Vertrages \u00fcberhaupt erst erm\u00f6glicht und auf deren Einhaltung der Besteller regelm\u00e4\u00dfig vertrauen und vertrauen darf. Die Haftung wegen Verletzung wesentlicher Vertragspflichten ist auf den Ersatz des vorhersehbaren, vertragstypischen Schadens beschr\u00e4nkt, soweit nicht aufgrund von Vorsatzes oder grober Fahrl\u00e4ssigkeit, Verletzung des Lebens, des K\u00f6rpers oder der Gesundheit oder nach dem Produkthaftungsgesetz haftbar gemacht wird.<\/span><\/li>\n<li><span>Soweit unsere Haftung ausgeschlossen oder beschr\u00e4nkt ist, gilt dies auch zugunsten unserer gesetzlichen Vertreter, Mitarbeiter, Unterlieferanten und Erf\u00fcllungsgehilfen bei deren direkter Inanspruchnahme durch den Besteller.<\/span><\/li>\n<\/ol>\n<\/li>\n<\/ol>\n<p><strong>11. Verj\u00e4hrung<\/strong><\/p>\n<ol>\n<li style=\"list-style-type: none;\">\n<ol>\n<li><span>Die Verj\u00e4hrungsfrist f\u00fcr Anspr\u00fcche wegen M\u00e4ngeln betr\u00e4gt ein Jahr ab dem gesetzlichen Verj\u00e4hrungsbeginn. F\u00fcr sonstige Anspr\u00fcche des Bestellers gegen uns wird die regul\u00e4re Verj\u00e4hrungsfrist auf zwei Jahre ab dem gesetzlichen Verj\u00e4hrungsbeginn verk\u00fcrzt.<\/span><\/li>\n<li><span>Der vorstehende Absatz\u00a0<\/span><span>1<\/span><span> Es gilt nicht f\u00fcr Schadensersatzanspr\u00fcche aufgrund von Vorsatzes oder grober Fahrl\u00e4ssigkeit, schuldhafter Verletzung des Lebens, des K\u00f6rpers oder der Gesundheit oder einer Haftung nach dem Produkthaftungsgesetz, f\u00fcr die gesetzliche Verj\u00e4hrungsfrist.<\/span><\/li>\n<\/ol>\n<\/li>\n<\/ol>\n<p><strong>12. Sonstiges<\/strong><\/p>\n<ol>\n<li style=\"list-style-type: none;\">\n<ol>\n<li><span>Dieser Vertrag und die gesamten Rechtsbeziehungen der Parteien unterliegen dem Recht der Bundesrepublik Deutschland unter Ausschluss des UN-Kaufrechts (CISG).<\/span><\/li>\n<li><span>Erf\u00fcllungsort sowie ausschlie\u00dflicher Gerichtsstand f\u00fcr alle Streitigkeiten aus und im Zusammenhang mit diesem Vertrag ist unser Gesch\u00e4ftssitz, sofern sich aus der Auftragsbest\u00e4tigung nichts anderes ergibt <\/span><\/li>\n<li><span>Alle Vereinbarungen, die zwischen den Parteien zur Ausf\u00fchrung dieses Vertrages getroffen werden, sind in diesem Vertrag schriftlich niedergelegt<\/span><\/li>\n<\/ol>\n<\/li>\n<\/ol>\n<p><span>\u00a0 \u00a0 \u00a0 \u00a0 \u00a0<em>Hamburg, Februar 2022<\/em><\/span><\/p>\n<p>[\/et_pb_text][\/et_pb_column][\/et_pb_row][\/et_pb_section]<\/p>","protected":false},"excerpt":{"rendered":"<p>Allgemeine Verkaufsbedingungen der SOPH GmbH, Hamburg 1. Geltungsbereich Diese Verkaufsbedingungen gelten ausschlie\u00dflich gegen\u00fcber Unternehmern, juristischen Personen des \u00f6ffentlichen Rechts oder \u00f6ffentlich-rechtlichen Sonderverm\u00f6gen im Sinne von \u00a7 310 Absatz 1 BGB. Entgegenstehende oder von unseren Verkaufsbedingungen abweichende Bedingungen des Bestellers erkennen wir nur an, wenn wir ausdr\u00fccklich schriftlich deren Geltung best\u00e4tigen. Diese Verkaufsbedingungen gelten auch f\u00fcr alle [\u2026]<\/p>","protected":false},"author":1,"featured_media":0,"parent":0,"menu_order":0,"comment_status":"closed","ping_status":"closed","template":"","meta":{"_et_pb_use_builder":"on","_et_pb_old_content":"","_et_gb_content_width":"","_mi_skip_tracking":false,"_monsterinsights_sitenote_active":false,"_monsterinsights_sitenote_note":"","_monsterinsights_sitenote_category":0,"footnotes":""},"class_list":["post-387776","page","type-page","status-publish","hentry"],"_links":{"self":[{"href":"https:\/\/magbo.eu\/de\/wp-json\/wp\/v2\/pages\/387776","targetHints":{"allow":["GET"]}}],"collection":[{"href":"https:\/\/magbo.eu\/de\/wp-json\/wp\/v2\/pages"}],"about":[{"href":"https:\/\/magbo.eu\/de\/wp-json\/wp\/v2\/types\/page"}],"author":[{"embeddable":true,"href":"https:\/\/magbo.eu\/de\/wp-json\/wp\/v2\/users\/1"}],"replies":[{"embeddable":true,"href":"https:\/\/magbo.eu\/de\/wp-json\/wp\/v2\/comments?post=387776"}],"version-history":[{"count":0,"href":"https:\/\/magbo.eu\/de\/wp-json\/wp\/v2\/pages\/387776\/revisions"}],"wp:attachment":[{"href":"https:\/\/magbo.eu\/de\/wp-json\/wp\/v2\/media?parent=387776"}],"curies":[{"name":"wp","href":"https:\/\/api.w.org\/{rel}","templated":true}]}}