{"id":388476,"date":"2023-10-17T15:47:37","date_gmt":"2023-10-17T15:47:37","guid":{"rendered":"https:\/\/helmholtz-magnet.com\/?page_id=388476"},"modified":"2023-10-18T16:52:31","modified_gmt":"2023-10-18T16:52:31","slug":"protection-policy","status":"publish","type":"page","link":"https:\/\/magbo.eu\/de\/protection-policy\/","title":{"rendered":"SCHUTZPOLITIK"},"content":{"rendered":"<p>[et_pb_section fb_built=\u201d1\u2033 _builder_version=\u201d4.22.1\u2033 _module_preset=\u201ddefault\u201d custom_padding=\u201d45px|||||\u201d global_colors_info=\u201d{}\u201d][et_pb_row _builder_version=\u201d4.22.1\u2033 _module_preset=\u201ddefault\u201d global_colors_info=\u201d{}\u201d][et_pb_column type=\u201d4_4\u2033 _builder_version=\u201d4.22.1\u2033 _module_preset=\u201ddefault\u201d global_colors_info=\u201d{}\u201d][et_pb_text _builder_version=\u201d4.22.2\u2033 _module_preset=\u201ddefault\u201d hover_enabled=\u201d0\u2033 global_colors_info=\u201d{}\u201d sticky_enabled=\u201d0\u2033]<\/p>\n<h1 class=\"privacy-policy-h1\">DATENSCHUTZRICHTLINIE<br \/><span><\/span><\/h1>\n<p>&nbsp;<\/p>\n<p><strong><span>Datenschutzhinweise <\/span><\/strong><\/p>\n<p><span>Der Datenschutz und speziell der Schutz Ihrer personenbezogenen Daten ist der Soph GmbH wichtig, deshalb m\u00f6chten wir Sie in den folgenden Abschnitten mit unserer Datenschutzerkl\u00e4rung dar\u00fcber informieren, welche Daten wir im Rahmen des Besuchs unserer Homepage zu welchen Zwecken verwenden.<\/span><\/p>\n<p><span><\/span><\/p>\n<p><span>\u00a0 \u00a0 \u00a0 <strong>ICH.<\/strong> <\/span><strong>Verantwortlicher im Sinne der Datenschutz-Grundverordnung (DSGVO)<\/strong><\/p>\n<p><span>Verantwortlich ist die Soph GmbH, Heidewinkel 16, 22145 Hamburg, E-Mail: info@soph-gmbh.de<\/span><\/p>\n<p><span>Die Gesch\u00e4ftsf\u00fchrung sowie weitere Angaben zum Unternehmen k\u00f6nnen Sie unserem <span style=\"text-decoration: underline;\"><a href=\"https:\/\/magbo.eu\/de\/impressum\/\">Impressum<\/a><\/span> entnehmen.<\/span><\/p>\n<p><span><\/span><\/p>\n<p><span>\u00a0 \u00a0 \u00a0 <strong>II. <\/strong><\/span><strong>Rechtsgrundlagen<\/strong><\/p>\n<p><span>Wir verarbeiten Ihre Daten grunds\u00e4tzlich \u2013 je nach vorliegendem Sachverhalt \u2013 auf der Grundlage der folgenden Rechtsgrundlagen:<\/span><\/p>\n<ul>\n<li><span>Einwilligung des Betroffenen nach Art. 6 (1) lit. a DSGVO,<\/span><\/li>\n<li><span>Erforderlichkeit zur Durchf\u00fchrung eines Vertragsverh\u00e4ltnisses nach Art. 6 (1) lit. b DSGVO,<\/span><\/li>\n<li><span>Erforderlichkeit zur Erf\u00fcllung rechtlicher Pflichten, wie zB Aufbewahrungspflichten nach Art. 6 (1) lit. c DSGVO,<\/span><\/li>\n<li><span>Erforderlichkeit aufgrund eines berechtigten Interesses nach Art. 6 (1) lit. f DSGVO.<\/span><\/li>\n<\/ul>\n<p><span>\u00a0<\/span><\/p>\n<p><strong><span>\u00a0 \u00a0 \u00a0 III. Nutzung und Verarbeitung personenbezogener Daten beim Zugriff auf unsere Webseite<\/span><\/strong><\/p>\n<p><span>Ihr Internet-Browser \u00fcbermittelt beim Zugriff auf unsere Webseite aus technischen Gr\u00fcnden automatisch Daten an unseren Webserver. Es handelt sich dabei um Datum und Uhrzeit des Zugriffs, Anfragedetails und Zieladresse (Protokollversion, HTTP-Methode, Referer, UserAgent-String), Name der abgerufenen Datei und \u00fcbertragene Datenmenge (angefragte URL inkl. Query-String, Gr\u00f6\u00dfe in Byte) und die Meldung, ob der Abruf erfolgreich war (HTTP-Statuscode).<\/span><\/p>\n<p><span>Der Zweck der Verarbeitung dieser Daten liegt darin, die Website an den Rechner\/Browser des Nutzers auszuliefern und die Funktionsf\u00e4higkeit der Seite sicherzustellen und f\u00fcr den jeweiligen Nutzer zu optimieren. Ohne die Verarbeitung w\u00e4re die Zurverf\u00fcgungstellung der Homepage technisch nicht m\u00f6glich. In diesen Zwecken liegt auch unser berechtigtes Interesse an der Datenverarbeitung nach Art. 6 (1) lit. f DSGVO. Die Norm stellt zugleich die Rechtsgrundlage f\u00fcr die Verarbeitung dar.<\/span><\/p>\n<p><span>Die Daten werden gel\u00f6scht und somit nicht mehr auf unseren Servern gespeichert, sobald sie f\u00fcr die Erreichung des Zwecks ihrer Erhebung nicht mehr erforderlich sind, was in der Regel mit Beendigung Ihrer Sitzung der Fall ist. Eine Zuordnung dieser Daten zu einer bestimmten Person ist uns nicht m\u00f6glich.<\/span><\/p>\n<p><span><\/span><\/p>\n<p><span>\u00a0 \u00a0 \u00a0 \u00a0<strong>IV. <\/strong><\/span><strong>Verarbeitung personenbezogener Daten bei Kontaktaufnahme<\/strong><\/p>\n<p><span>Sollten Sie uns per E-Mail oder \u00fcber das Kontaktformular kontaktieren, werden die von Ihnen mitgeteilten Daten (zB Ihre E-Mail-Adresse, Ihr Name oder Ihre Telefonnummer) von uns gespeichert. Die Mitteilung dieser Angaben durch Sie erfolgt auf freiwilliger Basis und auf Ihre Initiative.<\/span><\/p>\n<p><span>Im Hinblick auf mit\u00fcbermittelte Daten ist Art. 6 (1) lit. f DSGVO (\u201eberechtigtes Interesse\u201c) die Rechtsgrundlage. Dient die Kontaktaufnahme einer vorvertraglichen Vertragsanbahnung ist die Rechtsgrundlage f\u00fcr die Verarbeitung sowie Art. 6 (1) lit. b DSGVO.<\/span><\/p>\n<p><span>Die Verarbeitung der \u00fcbermittelten Daten erfolgt ausschlie\u00dflich zum Zweck der Bearbeitung Ihres Anliegens. In dem beschriebenen Zweck liegt auch das berechtigte Interesse an der Verarbeitung.<\/span><\/p>\n<p><span>Ist der Zweck Ihrer Kontaktaufnahme erf\u00fcllt, werden die Daten schnellstm\u00f6glich endg\u00fcltig gel\u00f6scht, sofern der L\u00f6schung keine gesetzlichen Aufbewahrungsfristen oder berechtigte Gr\u00fcnde entgegenstehen. Im Falle gesetzlicher Aufbewahrungsfristen werden die Daten gel\u00f6scht, sobald die jeweiligen Fristen enden.<\/span><\/p>\n<p><span><\/span><\/p>\n<p><strong><span>\u00a0 \u00a0 \u00a0 \u00a0 V. <\/span><\/strong><strong>Verarbeitung personenbezogener Daten von Bewerberinnen und Bewerbern<\/strong><\/p>\n<p><span>Wenn Sie uns Ihre Bewerbung zusenden, verarbeiten wir die von Ihnen zur Verf\u00fcgung gestellten personenbezogenen Daten zur Pr\u00fcfung, Bearbeitung und Beantwortung Ihrer Bewerbung und gegebenenfalls zur Begr\u00fcndung und Durchf\u00fchrung eines Besch\u00e4ftigungsverh\u00e4ltnisses. Die Rechtsgrundlage der Datenverarbeitung ist Art. 6 Abs. 2 DSGVO iVm \u00a7 26 Abs. 1 Bundesdatenschutzgesetz.<\/span><\/p>\n<p><span>Bewerberdaten werden grunds\u00e4tzlich 3 Monate nach Abschluss des Bewerbungsverfahrens gel\u00f6scht, es sei denn, Sie haben in eine dar\u00fcber hinausgehende Speicherung eingewilligt.<\/span><\/p>\n<p><span><\/span><\/p>\n<p><span>\u00a0 \u00a0 \u00a0 \u00a0 <strong>VI. <\/strong><\/span><strong>Verlinkungen zu anderen Webseiten auf unserer Webseite<\/strong><\/p>\n<p><span>Auf unseren Internetseiten sind Links zu Webseiten anderer Anbieter enthalten. Die Soph GmbH hat keinen Einfluss darauf, ob dieser Anbieter die gesetzlichen Datenschutzbestimmungen einh\u00e4lt. Sie sollten daher stets die Datenschutzerkl\u00e4rung der anderen Anbieter pr\u00fcfen.<\/span><\/p>\n<p><span><\/span><\/p>\n<p><strong>\u00a0 \u00a0 \u00a0 \u00a0 VII. Datensicherheit<\/strong><\/p>\n<p><span>Wir bedienen uns geeigneter technischer und organisatorischer Sicherheitsma\u00dfnahmen, um Ihre Daten gegen zuf\u00e4llige oder vors\u00e4tzliche Manipulationen, teilweisen oder vollst\u00e4ndigen Verlust, Zerst\u00f6rung oder gegen den unbefugten Zugriff Dritter zu sch\u00fctzen (zB TSL-Verschl\u00fcsselung f\u00fcr unsere Webseite) unter Ber\u00fccksichtigung des Standes der Technik, der Implementierungskosten und der Natur, des Umfangs, des Kontextes und des Zwecks der Verarbeitung sowie der bestehenden Risiken einer Datenpanne (inklusive von deren Wahrscheinlichkeit und Auswirkungen) f\u00fcr den Betroffenen. Unsere Sicherheitsma\u00dfnahmen werden entsprechend der technologischen Entwicklung fortlaufend verbessert.<\/span><\/p>\n<p><span><\/span><\/p>\n<p><span>\u00a0 \u00a0 \u00a0 \u00a0 <strong>VIII. <\/strong><\/span><strong>Einsatz von Cookies <\/strong><\/p>\n<p><span>Auf unseren Webseiten nutzen wir Cookies. Bei Cookies handelt es sich um kleine Textdateien, die auf Ihrer Festplatte dem von Ihnen verwendeten Browser durch eine charakteristische Zeichenfolge zugeordnet und gespeichert werden und durch welche der Stelle, die das Cookie setzt, bestimmte Informationen flie\u00dfen. <\/span><\/p>\n<p><span>Cookies k\u00f6nnen Daten enthalten, die eine Wiedererkennung des genutzten Ger\u00e4ts m\u00f6glich machen. Teilweise enthalten Cookies, aber auch lediglich Informationen zu bestimmten Einstellungen, die nicht personenbeziehbar sind. Cookies k\u00f6nnen einen Nutzer aber nicht direkt identifizieren. <\/span><\/p>\n<p><span>Man unterscheidet zwischen Session-Cookies, die wieder gel\u00f6scht werden, sobald Sie ihren Browser schlie\u00dfen, und permanenten Cookies, die \u00fcber die einzelne Sitzung hinaus gespeichert werden. Hinsichtlich ihrer Funktion unterscheidet sich der Mensch bei Cookies wiederum zwischen:<\/span><\/p>\n<ul>\n<li><span>Technische Cookies: Diese sind zwingend erforderlich, um sich auf der Webseite zu bewegen, grundlegende Funktionen zu nutzen und die Sicherheit der Webseite zu gew\u00e4hrleisten; Sie sammeln weder Informationen \u00fcber Sie zu Marketingzwecken noch speichern Sie sie, welche Webseiten Sie besucht haben; <\/span><\/li>\n<li><span>Performance-Cookies: Diese sammeln Informationen dar\u00fcber, wie Sie unsere Webseite nutzen, welche Seiten Sie besuchen und z. B. ob Fehler bei der Webseitennutzung auftreten; Sie sammeln keine Informationen, die Sie identifizieren k\u00f6nnten \u2013 alle gesammelten Informationen sind anonym und werden nur verwendet, um unsere Webseite zu verbessern und herauszufinden, was unsere Nutzer interessiert;<\/span><\/li>\n<li><span>Advertising Cookies, Targeting Cookies: Diese dienen dazu, dem Webseitennutzer bedarfsgerechte Werbung auf der Webseite oder Angebote von Dritten anzubieten und die Effektivit\u00e4t dieser Angebote zu messen; Werbe- und Targeting-Cookies werden maximal 13 Monate lang gespeichert;<\/span><\/li>\n<li><span>Sharing-Cookies: Diese dienen dazu, die Interaktivit\u00e4t unserer Webseite mit anderen Diensten (zB sozialen Netzwerken) zu verbessern; Sharing-Cookies werden maximal 13 Monate lang gespeichert.<\/span><\/li>\n<\/ul>\n<p><span>Rechtsgrundlage f\u00fcr Cookies, die unbedingt erforderlich sind, um Ihnen den ausdr\u00fccklich gew\u00fcnschten Dienst zur Verf\u00fcgung zu stellen, ist \u00a7 25 Abs. 2 Nr. 2 TTDSG. <\/span><\/p>\n<p><span>Wir verwenden Google Analytics. Google Analytics wird zur Verf\u00fcgung gestellt von Google Ireland Ltd., Gordon House, Barrow Street, Dublin 4, Irland. <\/span><\/p>\n<p><span>Durch den Einsatz von Google Analytics erh\u00e4lt der Websitebetreiber verschiedene Nutzungsdaten, wie zB Seitenaufrufe, Verweildauer, verwendete Betriebssysteme und Herkunft des Nutzers. Die daraus gewonnenen Daten werden genutzt, um unsere Website sowie Werbema\u00dfnahmen zu optimieren.<\/span><\/p>\n<p><span>Wir haben mit Google LLC (USA) einen Vertrag zur Auftragsverarbeitung nach Art. 28 DS-GVO geschlossen. Google verarbeitet die Daten zur Website-Nutzung in unserem Auftrag und verpflichtet sich vertraglich zu Ma\u00dfnahmen, um die Sicherheit und Vertraulichkeit der verarbeiteten Daten zu gew\u00e4hrleisten. Google \u00fcbertr\u00e4gt Daten an einen Server von Google in den USA auf der Grundlage von EU-Standardvertragsklauseln (Details hierzu: <a href=\"https:\/\/policies.google.com\/privacy\/frameworks?hl=de&amp;gl=de\">https:\/\/policies.google.com\/privacy\/frameworks?hl=de&amp;gl=de<\/a>).<\/span><\/p>\n<p><span>Wir haben die IP-Anonymisierung auf unserer Webseite aktiviert. Dadurch wird Ihre IP-Adresse von Google innerhalb von Mitgliedstaaten der Europ\u00e4ischen Union oder in anderen Vertragsstaaten des Abkommens \u00fcber den Europ\u00e4ischen Wirtschaftsraum vor der Vermittlung in die USA gek\u00fcrzt. Nur in Ausnahmef\u00e4llen wird die volle IP-Adresse an einen Server von Google in den USA \u00fcbertragen und dort gek\u00fcrzt. Im Auftrag des Betreibers dieser Website wird Google diese Informationen nutzen, um Ihre Nutzung der Website auszuwerten, um Reports \u00fcber die Websiteaktivit\u00e4ten zusammenzustellen und um weitere mit der Websitenutzung und der Internetnutzung verbundene Dienstleistungen gegen\u00fcber dem Websitebetreiber zu erbringen. Die im Rahmen von Google Analytics von Ihrem Browser \u00fcbermittelte IP-Adresse wird nicht mit anderen Daten von Google zusammengef\u00fchrt. Einzelheiten zur Datenverarbeitung durch Google finden Sie hier: <a href=\"https:\/\/policies.google.com\/privacy?hl=de&amp;gl=de\">https:\/\/policies.google.com\/privacy?hl=de&amp;gl=de<\/a>. <\/span><\/p>\n<p><span>Google Analytics verwendet Technologien, die die Wiedererkennung des Nutzers zum Zweck der Analyse des Nutzerverhaltens erm\u00f6glichen (z. B. Cookies oder Device-Fingerprinting). Die Nutzung des Google Analytics Analyse-Tools erfolgt auf Grundlage von Art. 6 Abs. 1 lit. f DSGVO. 6 Abs. 1 lit. f DSGVO (berechtigtes Interesse des Websitebetreibers an der Analyse des Nutzerverhaltens, um sein Webangebot als auch seine Werbung sowohl zu optimieren). Sofern eine Einwilligung des Nutzers eingeholt wurde (z. B. eine Einwilligung zur Speicherung von Cookies), erfolgt die Verarbeitung ausschlie\u00dflich auf Grundlage von \u00a7 25 Abs. 1 lit. b DSGVO. 1 TTDSG\/Art. 6 Abs. 2 litt. a DSGVO; Die Einwilligung ist jederzeit widerrufbar.<\/span><\/p>\n<p><span>Google setzt folgende Cookies, wenn Sie unsere Website besuchen und die Verwendung des Cookies Google Analytics einwilligen: <\/span><\/p>\n<p>&nbsp;<\/p>\n<table>\n<tbody>\n<tr>\n<td width=\"209\">\n<p><em>Name <\/em><\/p>\n<\/td>\n<td width=\"209\">\n<p><em>Zweck<\/em><\/p>\n<\/td>\n<td width=\"209\">\n<p><em>Auslaufen <\/em><\/p>\n<\/td>\n<\/tr>\n<tr>\n<td width=\"209\">\n<p><strong>_ga<\/strong><\/p>\n<\/td>\n<td width=\"209\">\n<p>Cookie, das zur Unterscheidung einzelner Benutzer auf Ihrer Domain verwendet wird<\/p>\n<\/td>\n<td width=\"209\">\n<p>erlischt nach 2 Jahren<\/p>\n<\/td>\n<\/tr>\n<tr>\n<td width=\"209\">\n<p><strong>_gid<\/strong><\/p>\n<\/td>\n<td width=\"209\">\n<p>Cookie, das zur Unterscheidung einzelner Benutzer auf Ihrer Domain verwendet wird<\/p>\n<p>&nbsp;<\/p>\n<\/td>\n<td width=\"209\">\n<p>l\u00e4uft nach 24 Stunden ab<\/p>\n<\/td>\n<\/tr>\n<tr>\n<td width=\"209\">\n<p><strong>_gat<\/strong><\/p>\n<\/td>\n<td width=\"209\">\n<p>Cookie, das verwendet wird, um die Anzahl der Benutzeranfragen zu begrenzen und Ihre Daten aufrechtzuerhalten<\/p>\n<p>Leistung der Website.<\/p>\n<\/td>\n<td width=\"209\">\n<p>l\u00e4uft nach 1 Minute ab<\/p>\n<\/td>\n<\/tr>\n<tr>\n<td width=\"209\">\n<p><strong>AMP_TOKEN<\/strong><\/p>\n<\/td>\n<td width=\"209\">\n<p>Cookie, das eine eindeutige ID enth\u00e4lt, die jedem Benutzer Ihrer Domain zugewiesen wird<\/p>\n<p>&nbsp;<\/p>\n<\/td>\n<td width=\"209\">\n<p>l\u00e4uft zwischen 30 Sekunden und 1 Jahr ab<\/p>\n<\/td>\n<\/tr>\n<tr>\n<td width=\"209\">\n<p><strong>_gac_<\/strong><\/p>\n<\/td>\n<td width=\"209\">\n<p>Cookie mit einer eindeutigen ID, die daf\u00fcr sorgt, dass Google Analytics und Ads zusammenarbeiten<\/p>\n<\/td>\n<td width=\"209\">\n<p>l\u00e4uft nach 90 Tagen ab<\/p>\n<\/td>\n<\/tr>\n<\/tbody>\n<\/table>\n<p><span>\u00a0<\/span><\/p>\n<p><span>Sie k\u00f6nnen Ihre einmal erteilte Einwilligung jederzeit widerrufen. Bitte nutzen Sie hierf\u00fcr eine der folgenden M\u00f6glichkeiten:<\/span><\/p>\n<ul>\n<li><span>Sie teilen uns mit, dass Sie Ihre Einwilligung widerrufen m\u00f6chten.<\/span><\/li>\n<li><span>Sie k\u00f6nnen die Speicherung der Cookies durch eine entsprechende Einstellung Ihrer Browser-Software verhindern; Wir weisen Sie jedoch darauf hin, dass Sie in diesem Fall gegebenenfalls nicht alle Funktionen dieser Webseite vollst\u00e4ndig nutzen k\u00f6nnen.<\/span><\/li>\n<\/ul>\n<p><span>Sie k\u00f6nnen dar\u00fcber hinaus die Erfassung der durch das Cookie erzeugten und auf Ihre Nutzung unserer Webseiten bezogenen Daten (inkl. Ihrer IP-Adresse) an Google sowie die Verarbeitung dieser Daten durch Google verhindern, indem sie das unter dem folgenden Link (https:\/\/ tools.google.com\/dlpage\/gaoptout?hl=de) verf\u00fcgbares Browser-Plugin herunterladen und installieren.\u201c<\/span><\/p>\n<p><span>Details zur Speicherung bzw. L\u00f6schung von Daten durch Google sehen Sie unter folgendem Link: https:\/\/support.google.com\/analytics\/answer\/7667196?hl=de.<\/span><\/p>\n<p><span>Wir nutzen auf unserer Webseite Google Fonts und haben die Schriftarten lokal \u2013 nicht auf den Servern von Google \u2013 eingebunden. Insoweit wird keine Verbindung zu den Google-Servern hergestellt, so dass dadurch keine Daten\u00fcbertragung oder Speicherung erfolgt.<\/span><\/p>\n<p><span><\/span><\/p>\n<p><span>\u00a0<strong>IX. <\/strong><\/span><strong>Betroffenenrechte<\/strong><\/p>\n<p><span>Sie haben folgende Rechte, welche Sie uns gegen\u00fcber geltend machen k\u00f6nnen:<\/span><\/p>\n<ul>\n<li><span>Auskunft \u00fcber Ihre bei uns verarbeiteten personenbezogenen Daten (Art. 15 DSGVO),<\/span><\/li>\n<li><span>Recht auf Berichtigung Ihrer bei uns unrichtig gespeicherten personenbezogenen Daten oder, je nach Zweck der Verarbeitung, auch die Vervollst\u00e4ndigung unvollst\u00e4ndiger bei uns gespeicherter personenbezogener Daten (Art. 16 DSGVO),<\/span><\/li>\n<li><span>Recht auf Beschr\u00e4nkung der Verarbeitung Ihrer personenbezogenen Daten (Art. 18 DSGVO),<\/span><\/li>\n<li><span>Recht auf L\u00f6schung Ihrer personenbezogenen Daten (Art. 17 DSGVO),<\/span><\/li>\n<li><span>Recht auf Daten\u00fcbertragbarkeit Ihrer personenbezogenen Daten (Art. 20 DSGVO),<\/span><\/li>\n<li><span>Recht auf Widerspruch gegen die Verarbeitung Ihrer personenbezogenen Daten (Art. 21 DSGVO), und<\/span><\/li>\n<li><span>Im Falle einer Einwilligung haben Sie das Recht, diese jederzeit ohne Angabe von Gr\u00fcnden f\u00fcr die Zukunft zu widerrufen (Art. 7 DSGVO).<\/span><\/li>\n<\/ul>\n<p><span>Um Ihre hier beschriebenen Rechte geltend zu machen, k\u00f6nnen Sie sich jederzeit an die oben genannten Kontaktdaten wenden. Dies gilt auch, sofern Sie Kopien von Garantien zum Nachweis eines angemessenen Datenschutzniveaus erhalten m\u00f6chten.<\/span><\/p>\n<p><span>Dar\u00fcber hinaus haben Sie das Recht zur Beschwerde bei einer Aufsichtsbeh\u00f6rde. Die f\u00fcr uns zust\u00e4ndige Aufsichtsbeh\u00f6rde ist der Hamburgische Beauftragte f\u00fcr Datenschutz und Informationsfreiheit, Hamburg.<\/span><\/p>\n<p>[\/et_pb_text][\/et_pb_column][\/et_pb_row][\/et_pb_section]<\/p>","protected":false},"excerpt":{"rendered":"<p>DATENSCHUTZRICHTLINIEN Datenschutzhinweise Der Datenschutz und speziell der Schutz Ihrer personenbezogenen Daten ist der Soph GmbH wichtig, deshalb m\u00f6chten wir Sie in den folgenden Abschnitten mit unserer Datenschutzerkl\u00e4rung dar\u00fcber informieren, welche Daten wir im Rahmen des Besuchs unserer Homepage zu welchen Zwecken verwenden.    I. Verantwortlicher im Sinne der Datenschutz-Grundverordnung (DSGVO) [\u2026]<\/p>","protected":false},"author":1,"featured_media":0,"parent":0,"menu_order":0,"comment_status":"closed","ping_status":"closed","template":"","meta":{"_et_pb_use_builder":"on","_et_pb_old_content":"","_et_gb_content_width":"","_mi_skip_tracking":false,"_monsterinsights_sitenote_active":false,"_monsterinsights_sitenote_note":"","_monsterinsights_sitenote_category":0,"footnotes":""},"class_list":["post-388476","page","type-page","status-publish","hentry"],"_links":{"self":[{"href":"https:\/\/magbo.eu\/de\/wp-json\/wp\/v2\/pages\/388476","targetHints":{"allow":["GET"]}}],"collection":[{"href":"https:\/\/magbo.eu\/de\/wp-json\/wp\/v2\/pages"}],"about":[{"href":"https:\/\/magbo.eu\/de\/wp-json\/wp\/v2\/types\/page"}],"author":[{"embeddable":true,"href":"https:\/\/magbo.eu\/de\/wp-json\/wp\/v2\/users\/1"}],"replies":[{"embeddable":true,"href":"https:\/\/magbo.eu\/de\/wp-json\/wp\/v2\/comments?post=388476"}],"version-history":[{"count":0,"href":"https:\/\/magbo.eu\/de\/wp-json\/wp\/v2\/pages\/388476\/revisions"}],"wp:attachment":[{"href":"https:\/\/magbo.eu\/de\/wp-json\/wp\/v2\/media?parent=388476"}],"curies":[{"name":"wp","href":"https:\/\/api.w.org\/{rel}","templated":true}]}}