{"id":387727,"date":"2023-09-18T18:58:18","date_gmt":"2023-09-18T18:58:18","guid":{"rendered":"https:\/\/helmholtz-magnet.com\/?page_id=387727"},"modified":"2023-10-17T16:12:25","modified_gmt":"2023-10-17T16:12:25","slug":"impressum","status":"publish","type":"page","link":"https:\/\/magbo.eu\/es\/impressum\/","title":{"rendered":"AVISO LEGAL"},"content":{"rendered":"<p>[et_pb_section fb_built=\u201d1\u2033 _builder_version=\u201d4.22.1\u2033 _module_preset=\u201dpredeterminado\u201d global_colors_info=\u201d{}\u201d custom_padding=\u201d56px|||||\u201d][et_pb_row _builder_version=\u201d4.22.1\u2033 _module_preset=\u201dpredeterminado\u201d global_colors_info=\u201d{}\u201d][et_pb_column type=\u201d4_4\u2033 _builder_version=\u201d4.22.1\u2033 _module_preset=\u201dpredeterminado\u201d global_colors_info=\u201d{}\u201d][et_pb_text _builder_version=\u201d4.22.2\u2033 _module_preset=\u201dpredeterminado\u201d hover_enabled=\u201d0\u2033 global_colors_info=\u201d{}\u201d sticky_enabled=\u201d0\u2033]<\/p>\n<h1>Aviso legal<\/h1>\n<p>&nbsp;<\/p>\n<p><strong>SOPH GmbH<\/strong><\/p>\n<p>Direcci\u00f3n der verantwortlichen Niederlassung:<br \/>En L\u00f6wenthal 4<br \/>55268 Nieder-Olm<\/p>\n<p>Correo electr\u00f3nico: info@soph-gmbh.de<br \/>Tel\u00e9fono: 040 \/ 609 46 36 70<br \/>Tel\u00e9fono: 040 \/ 609 46 36 79<br \/>N\u00famero de identificaci\u00f3n de Umsatzsteuer: DE281432052<\/p>\n<p>Registergericht und Handelsregisternummer: Amtsgericht Hamburg HRB 119297<br \/>Sitz der Gesellschaft: Hamburgo<\/p>\n<p>Vertreten durch die Gesch\u00e4ftsf\u00fchrerin: Yimin Wu<\/p>\n<h2>Enganche<\/h2>\n<p>Die Soph GmbH ist f\u00fcr die Inhalte ihrer Internetseiten nach den Ma\u00dfgaben der allgemeinen Gesetze, insbesondere nach \u00a7 7 Abs. 1 des Telemediengesetzes, verantwortlich. Alle Inhalte unserer Seiten werden mit der gebotenen Sorgfalt und nach bestem Wissen erstellt.<\/p>\n<p>Nach \u00a7\u00a7 8 bis 10 TMG sind wir als Diensteanbieter nicht verpflichtet, \u00fcbermittelte oder gespeicherte fremde Informationen zu \u00fcberwachen oder nach Umst\u00e4nden zu forschen, die auf eine rechtswidrige T\u00e4tigkeit hinweisen. Verpflichtungen zur Entfernung oder Sperrung der Nutzung von Informationen nach den allgemeinen Gesetzen bleiben hiervon unber\u00fchrt. Eine diesbez\u00fcgliche Haftung ist jedoch erst ab dem Zeitpunkt der Kenntnis einer konkreten Rechtsverletzung m\u00f6glich. Bei Bekanntwerden<br \/>von entsprechenden Rechtsverletzungen werden wir diese Inhalte umgehend entfernen.<\/p>\n<p>Soweit auf den Internetseiten mittels Hyperlink auf Internetseiten Dritter verwiesen wird, k\u00f6nnen wir keine Gew\u00e4hr f\u00fcr die fortw\u00e4hrende Aktualit\u00e4t, Richtigkeit und Vollst\u00e4ndigkeit der verlinkten Inhalte \u00fcbernehmen, da este Inhalte au\u00dferhalb unseres Verantwortungsbereichs liegen und wir a uf die zuk\u00fcnftige Gestaltung keinen Einfluss haben. Die verlinkten Seiten wurden zum Zeitpunkt der Verlinkung auf m\u00f6gliche Rechtsverst\u00f6\u00dfe \u00fcberpr\u00fcft. Rechtswidrige Inhalte waren zum Zeitpunkt der Verlinkung nicht erkennbar. Eine control inhaltliche permanente der verlinkten Seiten ist jedoch ohne konkrete Anhaltspunkte einer Rechtsverletzung nicht zumutbar. Bei Bekanntwerden von Rechtsverletzungen werden wir derartige Links umgehend entfernen.<\/p>\n<h2>Derecho de paso<\/h2>\n<p>Die durch die Seitenbetreiber erstellten Inhalte und Werke auf diesen Seiten unterliegen dem deutschen Urheberrecht. Die Vervielf\u00e4ltigung, Bearbeitung, Verbreitung und jede Art der Verwertung au\u00dferhalb der Grenzen des Urheberrechtes bed\u00fcrfen der schriftlichen Zustimmung des jeweiligen Autors bzw. Erstellers. Descargas y copias de estas p\u00e1ginas no son privadas, no se gestionan de forma kommerziellen. Soweit die Inhalte auf dieser Seite nicht vom Betreiber erstellt wurden, werden die Urheberrechte Dritter beachtet. Insbesondere werden Inhalte Dritter as solche gekennzeichnet. Sollten Sie trotzdem auf eine Urheberrechtsverletzung aufmerksam werden, bitten wir um einen entsprechenden Hinweis. Bei Bekanntwerden von Rechtsverletzungen werden wir derartige Inhalte umgehend entfernen.<\/p>\n<h2>Protecci\u00f3n de datos<\/h2>\n<p>Die Datenschutzhinweise finden Sie unter <span style=\"text-decoration: underline;\"><a href=\"https:\/\/magbo.eu\/es\/protection-policy\/\">Pol\u00edtica de Protecci\u00f3n de Datos<\/a><\/span>.<\/p>\n<p>[\/et_pb_text][\/et_pb_column][\/et_pb_row][\/et_pb_section]<\/p>","protected":false},"excerpt":{"rendered":"<p>Impressum SOPH GmbH Direcci\u00f3n der verantwortlichen Niederlassung:Im L\u00f6wenthal 455268 Nieder-Olm Correo electr\u00f3nico: info@soph-gmbh.deTel\u00e9fono: 040 \/ 609 46 36 70Telefax: 040 \/ 609 46 36 79Umsatzsteuer N\u00famero de identificaci\u00f3n: DE281432052 richt und Handelsregisternummer: Amtsgericht Hamburg HRB 119297Sitz der Gesellschaft: Hamburg Vertreten durch die Gesch\u00e4ftsf\u00fchrerin: Yimin Wu Haftung Die Soph GmbH ist f\u00fcr die Inhalte ihrer Internetseiten nach [\u2026]<\/p>","protected":false},"author":1,"featured_media":0,"parent":0,"menu_order":0,"comment_status":"closed","ping_status":"closed","template":"","meta":{"_et_pb_use_builder":"on","_et_pb_old_content":"","_et_gb_content_width":"","_mi_skip_tracking":false,"_monsterinsights_sitenote_active":false,"_monsterinsights_sitenote_note":"","_monsterinsights_sitenote_category":0,"footnotes":""},"class_list":["post-387727","page","type-page","status-publish","hentry"],"_links":{"self":[{"href":"https:\/\/magbo.eu\/es\/wp-json\/wp\/v2\/pages\/387727","targetHints":{"allow":["GET"]}}],"collection":[{"href":"https:\/\/magbo.eu\/es\/wp-json\/wp\/v2\/pages"}],"about":[{"href":"https:\/\/magbo.eu\/es\/wp-json\/wp\/v2\/types\/page"}],"author":[{"embeddable":true,"href":"https:\/\/magbo.eu\/es\/wp-json\/wp\/v2\/users\/1"}],"replies":[{"embeddable":true,"href":"https:\/\/magbo.eu\/es\/wp-json\/wp\/v2\/comments?post=387727"}],"version-history":[{"count":0,"href":"https:\/\/magbo.eu\/es\/wp-json\/wp\/v2\/pages\/387727\/revisions"}],"wp:attachment":[{"href":"https:\/\/magbo.eu\/es\/wp-json\/wp\/v2\/media?parent=387727"}],"curies":[{"name":"gracias","href":"https:\/\/api.w.org\/{rel}","templated":true}]}}