{"id":389602,"date":"2024-02-17T01:01:01","date_gmt":"2024-02-17T01:01:01","guid":{"rendered":"https:\/\/magbo.eu\/?page_id=389602"},"modified":"2024-02-17T01:03:45","modified_gmt":"2024-02-17T01:03:45","slug":"bbc","status":"publish","type":"page","link":"https:\/\/magbo.eu\/es\/bbc\/","title":{"rendered":"MBC"},"content":{"rendered":"<p>[et_pb_section fb_built=\u201d1\u2033 custom_padding_last_edited=\u201don|tablet\u201d admin_label=\u201dControl deslizante Sweet Lady \u2013 Freddie\u201d module_class=\u201dfreddie_sweet_lady_slider\u201d _builder_version=\u201d4.16\u2033 custom_padding=\u201d0px||0px|||\u201d relleno_personalizado_tableta=\u201d||40px\u201d relleno_personalizado_tel\u00e9fono=\u201d\u201d \u00edndice_z_tableta=\u201d500\u2033 informaci\u00f3n_global_colores=\u201d{}\u201d][et_pb_row _builder_version=\u201d4.23.4\u2033 _module_preset=\u201dpredeterminado\u201d \u00edndice_z=\u201d500\u2033 ancho=\u201d90%\u201d ancho_m\u00e1ximo=\u201d1500px\u201d relleno_personalizado=\u201d40px|25px|5px||falso|falso\u201d bloqueado=\u201ddesactivado\u201d informaci\u00f3n_global_colores=\u201d{}\u201d][et_pb_column tipo=\u201d4_4\u2033 _builder_version=\u201d4.22.1\u2033 _module_preset=\u201dpredeterminado\u201d informaci\u00f3n_global_colores=\u201d{}\u201d][et_pb_text _builder_version=\u201d4.23.4\u2033 _module_preset=\u201dpredeterminado\u201d header_text_color=\u201d#000000\u2033 header_3_font=\u201d||||||||\u201d header_3_text_color=\u201d#166daf\u201d header_3_font_size=\u201d50px\u201d use_background_color_gradient=\u201don\u201d background_color_gradient_direction=\u201d90deg\u201d background_color_gradient_stops=\u201d#e6eef2 0%|#e6eef2 87%|#ffffff 100%\u201d custom_margin=\u201d||0px|||\u201d custom_padding=\u201d21px||7px|25px|false|false\u201d global_colors_info=\u201d{}\u201d]<\/p>\n<h3>MBC<\/h3>\n<p>[\/et_pb_text][et_pb_text _builder_version=\u201d4.23.4\u2033 _module_preset=\u201ddefault\u201d header_3_font=\u201d||||||||\u201d header_3_text_color=\u201d#FFFFFF\u201d header_3_font_size=\u201d24px\u201d use_background_color_gradient=\u201don\u201d background_color_gradient_direction=\u201d90deg\u201d background_color_gradient_stops=\u201d#196eb7 0%|#196eb7 87%|#ffffff 100%\u201d custom_margin=\u201d||0px|||\u201d relleno_personalizado=\u201d11px|||25px|falso|falso\u201d hover_enabled=\u201d0\u2033 informaci\u00f3n_de_colores_globales=\u201d{}\u201d sticky_enabled=\u201d0\u2033]<\/p>\n<h3>Sistema magn\u00e9tico electro-permanente de cambio r\u00e1pido de moldes (QDC) para moldeo por soplado.<\/h3>\n<p>[\/et_pb_text][\/et_pb_column][\/et_pb_row][et_pb_row _builder_version=\u201d4.23.4\u2033 _module_preset=\u201dpredeterminado\u201d][et_pb_column _builder_version=\u201d4.23.4\u2033 _module_preset=\u201dpredeterminado\u201d type=\u201d4_4\u2033][et_pb_text _builder_version=\u201d4.23.4\u2033 _module_preset=\u201dpredeterminado\u201d text_font_size=\u201d21px\u201d custom_margin=\u201d44px||44px||true|false\u201d hover_enabled=\u201d0\u2033 sticky_enabled=\u201d0\u2033]<\/p>\n<p>Muy pronto\u2026<\/p>\n<p>[\/et_pb_text][\/et_pb_column][\/et_pb_row][\/et_pb_section]<\/p>","protected":false},"excerpt":{"rendered":"<p>Sistema de cambio r\u00e1pido de moldes electromagn\u00e9tico permanente MBC para moldeo por soplado. Pr\u00f3ximamente\u2026<\/p>","protected":false},"author":1,"featured_media":0,"parent":0,"menu_order":0,"comment_status":"closed","ping_status":"closed","template":"","meta":{"_et_pb_use_builder":"on","_et_pb_old_content":"","_et_gb_content_width":"","_mi_skip_tracking":false,"_monsterinsights_sitenote_active":false,"_monsterinsights_sitenote_note":"","_monsterinsights_sitenote_category":0,"footnotes":""},"class_list":["post-389602","page","type-page","status-publish","hentry"],"_links":{"self":[{"href":"https:\/\/magbo.eu\/es\/wp-json\/wp\/v2\/pages\/389602","targetHints":{"allow":["GET"]}}],"collection":[{"href":"https:\/\/magbo.eu\/es\/wp-json\/wp\/v2\/pages"}],"about":[{"href":"https:\/\/magbo.eu\/es\/wp-json\/wp\/v2\/types\/page"}],"author":[{"embeddable":true,"href":"https:\/\/magbo.eu\/es\/wp-json\/wp\/v2\/users\/1"}],"replies":[{"embeddable":true,"href":"https:\/\/magbo.eu\/es\/wp-json\/wp\/v2\/comments?post=389602"}],"version-history":[{"count":0,"href":"https:\/\/magbo.eu\/es\/wp-json\/wp\/v2\/pages\/389602\/revisions"}],"wp:attachment":[{"href":"https:\/\/magbo.eu\/es\/wp-json\/wp\/v2\/media?parent=389602"}],"curies":[{"name":"gracias","href":"https:\/\/api.w.org\/{rel}","templated":true}]}}